{"id":43,"date":"2015-09-23T17:53:43","date_gmt":"2015-09-23T15:53:43","guid":{"rendered":"https:\/\/osteopatheromagnat.wordpress.com\/?page_id=43"},"modified":"2021-09-14T12:19:41","modified_gmt":"2021-09-14T11:19:41","slug":"charline-guibert-vivien-gas-exclusifs","status":"publish","type":"page","link":"https:\/\/osteopatheromagnat.fr\/osteopathe-clermont\/charline-guibert-vivien-gas-exclusifs\/","title":{"rendered":"Qui sommes-nous ?"},"content":{"rendered":"\n<p><strong>Nous sommes ost\u00e9opathes exclusifs, issus d&rsquo;une formation en 5 ans \u00e0 l&rsquo;Institut Sup\u00e9rieur d&rsquo;Ost\u00e9opathie de Lyon-Ecully.<br>Nous suivons chaque ann\u00e9e des formations continues : parfaire nos connaissances pour r\u00e9pondre aux demandes des patients nous para\u00eet essentiel.<br><\/strong><\/p>\n\n\n\n<h1><span style=\"color: #33cccc;\">Ost\u00e9opathes exclusifs<br><\/span><\/h1>\n\n\n\n<p><strong>Vivien Gas<\/strong><\/p>\n\n\n\n<div class=\"wp-block-image\"><figure class=\"alignleft\"><a href=\"https:\/\/i0.wp.com\/osteopatheromagnat.fr\/wp-content\/uploads\/2021\/03\/Vivien-Gas-osteopathe-clermont-ferrand-romagnat-sport-puy-de-dome-auvergne.jpg\"><img loading=\"lazy\" width=\"216\" height=\"300\" src=\"https:\/\/i2.wp.com\/osteopatheromagnat.fr\/wp-content\/uploads\/2021\/03\/Vivien-Gas-osteopathe-clermont-ferrand-romagnat-sport-puy-de-dome-auvergne-216x300.jpg?resize=216%2C300\" alt=\"Portrait de Vivien Gas, ost\u00e9opathe \u00e0 Romagnat. Cabinet situ\u00e9 au sud de Clermont-Ferrand\" class=\"wp-image-1534\" srcset=\"https:\/\/i0.wp.com\/osteopatheromagnat.fr\/wp-content\/uploads\/2021\/03\/Vivien-Gas-osteopathe-clermont-ferrand-romagnat-sport-puy-de-dome-auvergne.jpg?resize=216%2C300&amp;ssl=1 216w, https:\/\/i0.wp.com\/osteopatheromagnat.fr\/wp-content\/uploads\/2021\/03\/Vivien-Gas-osteopathe-clermont-ferrand-romagnat-sport-puy-de-dome-auvergne.jpg?resize=768%2C1066&amp;ssl=1 768w, https:\/\/i0.wp.com\/osteopatheromagnat.fr\/wp-content\/uploads\/2021\/03\/Vivien-Gas-osteopathe-clermont-ferrand-romagnat-sport-puy-de-dome-auvergne.jpg?resize=738%2C1024&amp;ssl=1 738w, https:\/\/i0.wp.com\/osteopatheromagnat.fr\/wp-content\/uploads\/2021\/03\/Vivien-Gas-osteopathe-clermont-ferrand-romagnat-sport-puy-de-dome-auvergne.jpg?resize=676%2C938&amp;ssl=1 676w, https:\/\/i0.wp.com\/osteopatheromagnat.fr\/wp-content\/uploads\/2021\/03\/Vivien-Gas-osteopathe-clermont-ferrand-romagnat-sport-puy-de-dome-auvergne.jpg?w=1887&amp;ssl=1 1887w, https:\/\/i0.wp.com\/osteopatheromagnat.fr\/wp-content\/uploads\/2021\/03\/Vivien-Gas-osteopathe-clermont-ferrand-romagnat-sport-puy-de-dome-auvergne.jpg?w=1352&amp;ssl=1 1352w\" sizes=\"(max-width: 216px) 100vw, 216px\" data-recalc-dims=\"1\" \/><\/a><\/figure><\/div>\n\n\n\n<p>Je suis <strong>ost\u00e9opathe exclusif <\/strong>depuis 2014. J&rsquo;ai de plus valid\u00e9 un D.U. en \u00e9pid\u00e9miologie aupr\u00e8s de l&rsquo;universit\u00e9 Lyon 1 (D.U. \u00ab\u00a0De l&rsquo;id\u00e9e \u00e0 la publication\u00a0\u00bb). C&rsquo;est au cours de celui-ci, avec <a href=\"http:\/\/www.osteopathe-lyon8.fr\/\" target=\"_blank\" rel=\"noopener noreferrer\">Thibault Grall<\/a>, que nous avons \u00e9labor\u00e9 le protocole de ce qui sera l&rsquo;\u00e9tude pilote <a href=\"http:\/\/www.osteopathie-france.net\/formation\/recherche\/2444-light-touch-study\" target=\"_blank\" rel=\"noopener noreferrer\">Light Touch Study<\/a>. Cette derni\u00e8re vise \u00e0 estimer l&rsquo;effet de la <strong>pression l\u00e9g\u00e8re<\/strong> sur la dysfonction ost\u00e9opathique.<br>Ce parcours de recherche m&rsquo;a pouss\u00e9 \u00e0 faire une licence en anthropologie \u00e0 l&rsquo;universit\u00e9 Lumi\u00e8re Lyon 2 o\u00f9 j&rsquo;ai notamment pu me pencher sur les questions de <a href=\"https:\/\/osteopatheromagnat.fr\/osteopathe-clermont\/2015\/11\/09\/osteopathie-intimite-proxemie\/\" target=\"_blank\" rel=\"noopener noreferrer\"><strong>prox\u00e9mie<\/strong><\/a> et de <a href=\"https:\/\/osteopatheromagnat.fr\/osteopathe-clermont\/2015\/11\/09\/osteopathie-intimite-proxemie\/\">dynamique de l&rsquo;espace en ost\u00e9opathie<\/a>.<br>Je suis par ailleurs charg\u00e9 de cours en anatomie \u00e0 l&rsquo;Universit\u00e9 Clermont Auvergne pour le <em>DEUST AGAPSC natation sport sant\u00e9<\/em> (d\u00e9partement STAPS).<\/p>\n\n\n\n<p><span style=\"text-decoration: underline;\"><strong>Mes formations :<\/strong><\/span><\/p>\n\n\n\n<ul><li><strong>2021<\/strong> : Prise en charge des douleurs neuropathiques du membre inf\u00e9rieur &#8211; CFPCO<\/li><li><strong>2020<\/strong> : Ost\u00e9opathie, neurosciences et douleur &#8211; Recherche &amp; Pratique<\/li><li><strong>2020<\/strong> : La t\u00eate, \u00e9videmment ! Le cr\u00e2nien revisit\u00e9 &#8211; Marco Gabutti<\/li><li><strong>2018<\/strong> : M\u00e9thode de prise en charge des d\u00e9s\u00e9quilibres posturaux &#8211; Posturopole<\/li><li><strong>2015<\/strong> : Licence Sociologie-Anthropologie &#8211; Universit\u00e9 Lyon 2 &#8211; Lumi\u00e8re<\/li><li><strong>2014<\/strong> : Dipl\u00f4me d&rsquo;ost\u00e9opathe (D.O.) &#8211; Institut Sup\u00e9rieur d&rsquo;Ost\u00e9opathie de Lyon (ISOst\u00e9o)<\/li><li><strong>2013<\/strong> : D.U. Recherche clinique : de l&rsquo;id\u00e9e \u00e0 la publication &#8211; Universit\u00e9 Lyon 1 &#8211; Claude Bernard<\/li><li><strong>2009<\/strong> : Licence STAPS \u00c9ducation et motricit\u00e9 &#8211; Universit\u00e9 d&rsquo;Avignon et des Pays de Vaucluse<\/li><\/ul>\n\n\n\n<hr class=\"wp-block-separator\"\/>\n\n\n\n<p><strong>Charline Guibert<\/strong><\/p>\n\n\n\n<div class=\"wp-block-image\"><figure class=\"alignleft\"><a href=\"https:\/\/i1.wp.com\/osteopatheromagnat.fr\/wp-content\/uploads\/2021\/03\/Charline-Guibert-osteopathe-clermont-ferrand-romagnat-puy-de-dome-auvergne.jpg\"><img loading=\"lazy\" width=\"213\" height=\"300\" src=\"https:\/\/i1.wp.com\/osteopatheromagnat.fr\/wp-content\/uploads\/2021\/03\/Charline-Guibert-osteopathe-clermont-ferrand-romagnat-puy-de-dome-auvergne-213x300.jpg?resize=213%2C300\" alt=\"Portrait de Charline Guibert, ost\u00e9opathe \u00e0 Romagnat. Le cabinet est situ\u00e9 au sud de Clermont-Ferrand en Auvergne\" class=\"wp-image-1535\" srcset=\"https:\/\/i1.wp.com\/osteopatheromagnat.fr\/wp-content\/uploads\/2021\/03\/Charline-Guibert-osteopathe-clermont-ferrand-romagnat-puy-de-dome-auvergne.jpg?resize=213%2C300&amp;ssl=1 213w, https:\/\/i1.wp.com\/osteopatheromagnat.fr\/wp-content\/uploads\/2021\/03\/Charline-Guibert-osteopathe-clermont-ferrand-romagnat-puy-de-dome-auvergne.jpg?resize=768%2C1080&amp;ssl=1 768w, https:\/\/i1.wp.com\/osteopatheromagnat.fr\/wp-content\/uploads\/2021\/03\/Charline-Guibert-osteopathe-clermont-ferrand-romagnat-puy-de-dome-auvergne.jpg?resize=728%2C1024&amp;ssl=1 728w, https:\/\/i1.wp.com\/osteopatheromagnat.fr\/wp-content\/uploads\/2021\/03\/Charline-Guibert-osteopathe-clermont-ferrand-romagnat-puy-de-dome-auvergne.jpg?resize=676%2C951&amp;ssl=1 676w, https:\/\/i1.wp.com\/osteopatheromagnat.fr\/wp-content\/uploads\/2021\/03\/Charline-Guibert-osteopathe-clermont-ferrand-romagnat-puy-de-dome-auvergne.jpg?w=1389&amp;ssl=1 1389w\" sizes=\"(max-width: 213px) 100vw, 213px\" data-recalc-dims=\"1\" \/><\/a><\/figure><\/div>\n\n\n\n<p>Je suis \u00e9galement <strong>ost\u00e9opathe exclusif<\/strong> depuis 2014. Durant l&rsquo;ann\u00e9e qui a suivi mon dipl\u00f4me j&rsquo;ai approfondi ma formation en <strong>p\u00e9diatrie-p\u00e9rinatalit\u00e9<\/strong> ainsi qu&rsquo;en <strong>g\u00e9rontologie<\/strong>. Par ailleurs j&rsquo;ai \u00e9t\u00e9 ost\u00e9opathe dans une grande entreprise de la r\u00e9gion lyonnaise.&nbsp; Enfin, au cours de mes \u00e9tudes je me suis investie dans le milieu humanitaire au sein de l&rsquo;association <a href=\"http:\/\/osd-france.com\/\" target=\"_blank\" rel=\"noopener noreferrer\">Ost\u00e9opathie Solidarit\u00e9 D\u00e9veloppement<\/a>. Ces pratiques m&rsquo;ont apport\u00e9 des visions diff\u00e9rentes et <strong>compl\u00e9mentaires<\/strong> d&rsquo;un m\u00eame m\u00e9tier et me permettent de mieux appr\u00e9hender les situations auxquelles je suis confront\u00e9e en cabinet.<\/p>\n\n\n\n<p><span style=\"text-decoration: underline;\"><strong>Mes formations :<\/strong><\/span><\/p>\n\n\n\n<ul><li><strong>2021<\/strong> : Prise en charge ost\u00e9opathique des b\u00e9b\u00e9s &#8211; Osteo b\u00e9b\u00e9<\/li><li><strong>2020<\/strong> : Ost\u00e9opathie, Neurosciences et douleurs &#8211; Recherche &amp; Pratique<\/li><li><strong>2014<\/strong> : Dipl\u00f4me d&rsquo;ost\u00e9opathe (D.O.) &#8211; Institut Sup\u00e9rieur d&rsquo;Ost\u00e9opathie de Lyon (ISOst\u00e9o)<\/li><\/ul>\n\n\n\n<hr class=\"wp-block-separator\"\/>\n\n\n\n<h1><span style=\"color: #33cccc;\">Associations<\/span><\/h1>\n\n\n\n<p>Membres du <a href=\"https:\/\/www.osteopathe-syndicat.fr\/\"><strong>Syndicat Fran\u00e7ais Des Ost\u00e9opathes (SFDO)<\/strong><\/a>.<br>Membres de l&rsquo;association <a href=\"https:\/\/fedosoli.org\/63-main-dans-la-main-63\/\"><strong>Main dans la Main 63<\/strong><\/a>. Cette association dispense des consultations ost\u00e9opathiques b\u00e9n\u00e9voles aupr\u00e8s de populations d\u00e9favoris\u00e9es (Restos du C\u0153ur, l&rsquo;APART).<\/p>\n\n\n\n<hr class=\"wp-block-separator\"\/>\n\n\n\n<h1><span style=\"color: #33cccc;\">Sant\u00e9 et bien-\u00eatre<\/span><\/h1>\n\n\n\n<p>Nous nous int\u00e9grons dans un parcours de sant\u00e9 tel que l&rsquo;ambitionne l&rsquo;<a href=\"http:\/\/www.who.int\/about\/mission\/fr\/\" target=\"_blank\" rel=\"noopener noreferrer\">Organisation Mondiale de la Sant\u00e9<\/a> : <em>la sant\u00e9 est un \u00e9tat de complet bien-\u00eatre physique, mental et social et qui ne consiste pas seulement en une absence de maladie ou d&rsquo;infirmit\u00e9<\/em>. En mettant l&rsquo;accent sur le fait que ce n&rsquo;est pas l&rsquo;absence de maladie ou d&rsquo;infirmit\u00e9 qui fait la sant\u00e9, l&rsquo;OMS met en avant le bien-\u00eatre comme constituant essentiel de la sant\u00e9. Cette <a href=\"http:\/\/osteopatheromagnat.fr\/osteopathe-romagnat\/2015\/10\/09\/souffrance-travail-sante-depression-surmenage-burn-out-clermont-ferrand\/#redefinir-sante\"> d\u00e9finition de la sant\u00e9<\/a> vous parait utopique ?<br>Au sein du triptyque physique, mental et social, l&rsquo;ost\u00e9opathe se place comme un acteur privil\u00e9gi\u00e9 du p\u00f4le physique. En effet nombre de douleurs dites <strong>fonctionnelles<\/strong> ne rel\u00e8vent pas de la maladie mais sont pour autant pr\u00e9sentes, et g\u00eanantes. L&rsquo;ost\u00e9opathe joue \u00e9galement un r\u00f4le important dans le suivi de pathologie en parall\u00e8le d&rsquo;un suivi m\u00e9dical indispensable.<\/p>\n\n\n\n<p><a href=\"https:\/\/osteopatheromagnat.fr\/osteopathe-clermont\/contactez-vivien-gas-charline-guibert-osteopathes-sud-de-clermont\/\">&gt;&gt; Nous contacter<\/a><\/p>\n","protected":false},"excerpt":{"rendered":"<p>Nous sommes ost\u00e9opathes exclusifs, issus d&rsquo;une formation en 5 ans \u00e0 l&rsquo;Institut Sup\u00e9rieur d&rsquo;Ost\u00e9opathie de Lyon-Ecully.Nous suivons chaque ann\u00e9e des formations continues : parfaire nos connaissances pour r\u00e9pondre aux demandes des patients nous para\u00eet essentiel. Ost\u00e9opathes exclusifs Vivien Gas Je suis ost\u00e9opathe exclusif depuis 2014. J&rsquo;ai de plus valid\u00e9 un D.U. en \u00e9pid\u00e9miologie aupr\u00e8s de &hellip; <a href=\"https:\/\/osteopatheromagnat.fr\/osteopathe-clermont\/charline-guibert-vivien-gas-exclusifs\/\" class=\"more-link\">Lire la suite de <span class=\"screen-reader-text\">Qui sommes-nous ?<\/span><\/a><\/p>\n","protected":false},"author":1,"featured_media":0,"parent":0,"menu_order":0,"comment_status":"closed","ping_status":"closed","template":"","meta":{"spay_email":""},"_links":{"self":[{"href":"https:\/\/osteopatheromagnat.fr\/osteopathe-clermont\/wp-json\/wp\/v2\/pages\/43"}],"collection":[{"href":"https:\/\/osteopatheromagnat.fr\/osteopathe-clermont\/wp-json\/wp\/v2\/pages"}],"about":[{"href":"https:\/\/osteopatheromagnat.fr\/osteopathe-clermont\/wp-json\/wp\/v2\/types\/page"}],"author":[{"embeddable":true,"href":"https:\/\/osteopatheromagnat.fr\/osteopathe-clermont\/wp-json\/wp\/v2\/users\/1"}],"replies":[{"embeddable":true,"href":"https:\/\/osteopatheromagnat.fr\/osteopathe-clermont\/wp-json\/wp\/v2\/comments?post=43"}],"version-history":[{"count":14,"href":"https:\/\/osteopatheromagnat.fr\/osteopathe-clermont\/wp-json\/wp\/v2\/pages\/43\/revisions"}],"predecessor-version":[{"id":2063,"href":"https:\/\/osteopatheromagnat.fr\/osteopathe-clermont\/wp-json\/wp\/v2\/pages\/43\/revisions\/2063"}],"wp:attachment":[{"href":"https:\/\/osteopatheromagnat.fr\/osteopathe-clermont\/wp-json\/wp\/v2\/media?parent=43"}],"curies":[{"name":"wp","href":"https:\/\/api.w.org\/{rel}","templated":true}]}}