{"id":59,"date":"2015-09-30T16:20:56","date_gmt":"2015-09-30T14:20:56","guid":{"rendered":"https:\/\/osteopatheromagnat.wordpress.com\/?page_id=59"},"modified":"2015-11-01T11:51:48","modified_gmt":"2015-11-01T10:51:48","slug":"histoire-france","status":"publish","type":"page","link":"https:\/\/osteopatheromagnat.fr\/osteopathe-clermont\/osteopathie-therapie-manuelle-clermont-ferrand\/histoire-france\/","title":{"rendered":"L&rsquo;ost\u00e9opathie en France"},"content":{"rendered":"<p style=\"text-align: justify;\"><strong>L&rsquo;ost\u00e9opathie en France arrive d&rsquo;Angleterre dans les ann\u00e9es 1950 et originellement des \u00c9tats-Unis (fin 19\u00e8me). Elle ne sera reconnue qu&rsquo;en 2002. La r\u00e8glementation des formations et des \u00e9coles d&rsquo;ost\u00e9opathie ne cesse d&rsquo;\u00e9voluer. Les derni\u00e8res publications des \u00e9coles agr\u00e9\u00e9es par le Minist\u00e8re de la sant\u00e9 date de juillet 2015.<br \/>\n<\/strong><\/p>\n<h1><span style=\"color: #33cccc;\">L&rsquo;arriv\u00e9e en France<\/span><\/h1>\n<p style=\"text-align: justify;\">Apr\u00e8s les \u00c9tats-Unis et l&rsquo;Angleterre, l&rsquo;ost\u00e9opathie gagne la France au milieu du 20\u00e8me si\u00e8cle. Ce sont les kin\u00e9sith\u00e9rapeutes et les m\u00e9decins, form\u00e9s en Angleterre, qui en sont \u00e0 l&rsquo;origine. L&rsquo;ost\u00e9opathie est utilis\u00e9e dans les premiers temps comme \u00e9tant un outil suppl\u00e9mentaire de la kin\u00e9sith\u00e9rapie.<\/p>\n<h1><span style=\"color: #33cccc;\">Le concept visc\u00e9ral<\/span><\/h1>\n<p style=\"text-align: justify;\">C&rsquo;est en France que le <strong>concept ost\u00e9opathique visc\u00e9ral<\/strong> se d\u00e9veloppe. Ce concept consiste \u00e0 redonner la mobilit\u00e9 \u00e0 un organe ou un visc\u00e8re (estomac, foie, c\u00f4lon, rein&#8230;) afin qu&rsquo;il retrouve ses pleines fonctions. Le fait de retrouver une bonne mobilit\u00e9 visc\u00e9rale permet \u00e9galement aux articulations de regagner leurs amplitudes, de par les ligaments, m\u00e9sos et fascias auquel l&rsquo;organe en question se rattache.<br \/>\nJean-Pierre Barral f\u00fbt l&rsquo;un des plus grands pr\u00e9curseurs des manipulations visc\u00e9rales d\u00e8s les ann\u00e9es 70.<br \/>\nLe concept visc\u00e9ral fait d\u00e9sormais partie int\u00e9grante de toute formation \u00e0 l&rsquo;ost\u00e9opathie, au m\u00eame titre que les concepts cr\u00e2nien, ost\u00e9o-articulaire, myofascial&#8230;<\/p>\n<h1><span style=\"color: #33cccc;\">La r\u00e8glementation des formations<\/span><\/h1>\n<p style=\"text-align: justify;\">Les r\u00e9sultats cliniques et un engouement certain de la part des patients et des th\u00e9rapeutes aboutissent en 2002 \u00e0 <a href=\"http:\/\/www.legifrance.gouv.fr\/affichTexteArticle.do?cidTexte=JORFTEXT000000227015&amp;idArticle=LEGIARTI000006697464\" target=\"_blank\">la loi Kouchner<\/a>. Cette derni\u00e8re permet de r\u00e9glementer et de reconna\u00eetre l&rsquo;ost\u00e9opathie comme \u00e9tant une pratique \u00e0 part enti\u00e8re.<br \/>\nSuite \u00e0 la publication des <a href=\"http:\/\/www.legifrance.gouv.fr\/eli\/decret\/2007\/3\/25\/SANH0721330D\/jo\/texte\" target=\"_blank\">d\u00e9crets de 2007<\/a>, les \u00e9coles de formation initiale d\u00e9livrent le Dipl\u00f4me d&rsquo;Ost\u00e9opathe (D.O.). L&rsquo;usage du <strong>titre d&rsquo;ost\u00e9opathe<\/strong> n&rsquo;est alors plus r\u00e9serv\u00e9 uniquement aux professionnels de sant\u00e9.<\/p>\n<p style=\"text-align: justify;\">Le 4 juillet 2015, le Minist\u00e8re de la Sant\u00e9 a publi\u00e9e <a href=\"http:\/\/www.sante.gouv.fr\/liste-des-etablissements-agrees.html\" target=\"_blank\">la liste des 23 \u00e9coles<\/a> agr\u00e9\u00e9es pour former \u00e0 l&rsquo;ost\u00e9opathie. La dur\u00e9e des \u00e9tudes est fix\u00e9 par <a href=\"http:\/\/www.legifrance.gouv.fr\/affichTexte.do?cidTexte=JORFTEXT000029894161&amp;dateTexte=&amp;categorieLien=id\" target=\"_blank\">d\u00e9cret<\/a> \u00e0 4860 heures de formation dont 1500 heures de clinique. Cette r\u00e8glementation garantit des formations de qualit\u00e9 et donc la s\u00e9curit\u00e9 des patients.<\/p>\n<h1><span style=\"color: #33cccc;\">Remboursement des consultations ost\u00e9opathique<\/span><\/h1>\n<p style=\"text-align: justify;\">Les consultations en ost\u00e9opathie ne sont en aucun cas rembours\u00e9es par la <strong>s\u00e9curit\u00e9 sociale<\/strong>. Toutefois de nombreuses mutuelles prennent en charge tout ou partie des frais de consultations. Pour plus d&rsquo;information sur les remboursements des <strong>mutuelles sant\u00e9<\/strong> et des compl\u00e9mentaires assurances sant\u00e9, vous pouvez consulter <a href=\"http:\/\/www.osteopathie.org\/mutuelles.html\" target=\"_blank\">ce lien<\/a>.<\/p>\n<p><a href=\"http:\/\/osteopatheromagnat.fr\/osteopathe-romagnat\/\">&gt;&gt; Accueil<\/a><br \/>\n<a href=\"http:\/\/osteopatheromagnat.fr\/osteopathe-romagnat\/osteopathie-therapie-manuelle-clermont-ferrand\/concepts-principes-autoregulation-structure-fonction-visceral-cranien-articulaire\/\">&gt;&gt; Les principes et concepts de l&rsquo;ost\u00e9opathie<\/a><br \/>\n<a href=\"http:\/\/osteopatheromagnat.fr\/osteopathe-romagnat\/que-faire-apres-consultation-osteopathie-conseils-clermont-ferrand\/\">&gt;&gt; La consultation ost\u00e9opathique<\/a><\/p>\n","protected":false},"excerpt":{"rendered":"<p>L&rsquo;ost\u00e9opathie en France arrive d&rsquo;Angleterre dans les ann\u00e9es 1950 et originellement des \u00c9tats-Unis (fin 19\u00e8me). Elle ne sera reconnue qu&rsquo;en 2002. La r\u00e8glementation des formations et des \u00e9coles d&rsquo;ost\u00e9opathie ne cesse d&rsquo;\u00e9voluer. Les derni\u00e8res publications des \u00e9coles agr\u00e9\u00e9es par le Minist\u00e8re de la sant\u00e9 date de juillet 2015. L&rsquo;arriv\u00e9e en France Apr\u00e8s les \u00c9tats-Unis et &hellip; <a href=\"https:\/\/osteopatheromagnat.fr\/osteopathe-clermont\/osteopathie-therapie-manuelle-clermont-ferrand\/histoire-france\/\" class=\"more-link\">Lire la suite de <span class=\"screen-reader-text\">L&rsquo;ost\u00e9opathie en France<\/span><\/a><\/p>\n","protected":false},"author":1,"featured_media":0,"parent":84,"menu_order":0,"comment_status":"closed","ping_status":"closed","template":"","meta":{"spay_email":""},"_links":{"self":[{"href":"https:\/\/osteopatheromagnat.fr\/osteopathe-clermont\/wp-json\/wp\/v2\/pages\/59"}],"collection":[{"href":"https:\/\/osteopatheromagnat.fr\/osteopathe-clermont\/wp-json\/wp\/v2\/pages"}],"about":[{"href":"https:\/\/osteopatheromagnat.fr\/osteopathe-clermont\/wp-json\/wp\/v2\/types\/page"}],"author":[{"embeddable":true,"href":"https:\/\/osteopatheromagnat.fr\/osteopathe-clermont\/wp-json\/wp\/v2\/users\/1"}],"replies":[{"embeddable":true,"href":"https:\/\/osteopatheromagnat.fr\/osteopathe-clermont\/wp-json\/wp\/v2\/comments?post=59"}],"version-history":[{"count":3,"href":"https:\/\/osteopatheromagnat.fr\/osteopathe-clermont\/wp-json\/wp\/v2\/pages\/59\/revisions"}],"predecessor-version":[{"id":321,"href":"https:\/\/osteopatheromagnat.fr\/osteopathe-clermont\/wp-json\/wp\/v2\/pages\/59\/revisions\/321"}],"up":[{"embeddable":true,"href":"https:\/\/osteopatheromagnat.fr\/osteopathe-clermont\/wp-json\/wp\/v2\/pages\/84"}],"wp:attachment":[{"href":"https:\/\/osteopatheromagnat.fr\/osteopathe-clermont\/wp-json\/wp\/v2\/media?parent=59"}],"curies":[{"name":"wp","href":"https:\/\/api.w.org\/{rel}","templated":true}]}}