{"id":61,"date":"2015-09-30T16:40:18","date_gmt":"2015-09-30T14:40:18","guid":{"rendered":"https:\/\/osteopatheromagnat.wordpress.com\/?page_id=61"},"modified":"2016-06-09T15:23:45","modified_gmt":"2016-06-09T14:23:45","slug":"concepts-principes-autoregulation-structure-fonction-visceral-cranien-articulaire","status":"publish","type":"page","link":"https:\/\/osteopatheromagnat.fr\/osteopathe-clermont\/osteopathie-therapie-manuelle-clermont-ferrand\/concepts-principes-autoregulation-structure-fonction-visceral-cranien-articulaire\/","title":{"rendered":"Les concepts et principes de l&rsquo;ost\u00e9opathie"},"content":{"rendered":"<p><strong>L&rsquo;ost\u00e9opathie s&rsquo;appuie sur les connaissances anatomiques, physiologiques et pathologiques du corps humain. La philosophie ost\u00e9opathique repose sur les principes suivants :<\/strong><\/p>\n<ul>\n<li><strong>le corps est un tout<\/strong><\/li>\n<li><strong>la structure gouverne la fonction<\/strong><\/li>\n<li><strong>le principe d&rsquo;autor\u00e9gulation<\/strong><\/li>\n<li><strong>l&rsquo;art\u00e8re est supr\u00eame<\/strong><\/li>\n<\/ul>\n<p><strong>Afin de r\u00e9tablir l&rsquo;\u00e9quilibre g\u00e9n\u00e9ral du patient, l&rsquo;ost\u00e9opathe va investiguer et traiter les champs <\/strong><strong>ost\u00e9o-articulaire, <\/strong><strong> cr\u00e2nien et <\/strong><strong>visc\u00e9ral. <\/strong><strong>Pour se faire, il utilise des techniques adapt\u00e9es \u00e0 chaque patient ainsi qu&rsquo;\u00e0 son motif de consultation.<\/strong><\/p>\n<h1><span style=\"color: #33cccc;\">Les principes de l&rsquo;ost\u00e9opathie<\/span><\/h1>\n<p>L&rsquo;ost\u00e9opathe consid\u00e8re le patient dans sa <strong>globalit\u00e9<\/strong>. Le corps humain est soumis a des contraintes physiques, psychiques, sociales, et environnementales. De ce fait l&rsquo;ost\u00e9opathe s&rsquo;int\u00e9resse \u00e0 la fa\u00e7on de vivre du patient, son hygi\u00e8ne de vie, ses activit\u00e9s&#8230; L&rsquo;ost\u00e9opathe agit de fa\u00e7on \u00e0 r\u00e9tablir l&rsquo;\u00e9quilibre naturel du corps afin qu&rsquo;il puisse s&rsquo;adapter au mieux aux contraintes qu&rsquo;il subit quotidiennement.<br \/>\nPour \u00eatre en bonne sant\u00e9, l&rsquo;\u00e9panouissement doit \u00eatre trouv\u00e9 autant sur les plans physique et psychique, que social et environnemental. Si l&rsquo;ost\u00e9opathe est un acteur privil\u00e9gi\u00e9 pour le bien-\u00eatre physique, il n&rsquo;h\u00e9sitera pas \u00e0 orienter le patient vers d&rsquo;autres professionnels afin de compl\u00e9ter et parfaire la prise en soin du patient.<\/p>\n<h2><span style=\"color: #33cccc;\">Le corps est un tout<\/span><\/h2>\n<p>Envisageons le corps humain comme une toile d&rsquo;araign\u00e9e. Un appui aussi infime soit-il entra\u00eene une adaptation de l&rsquo;architecture de l&rsquo;ensemble de la toile. Le corps humain se comporte de la m\u00eame mani\u00e8re. Au sein du corps, l&rsquo;appui peut se pr\u00e9senter sous la forme d&rsquo;un blocage articulaire, d&rsquo;une tension musculaire, d&rsquo;un d\u00e9sordre visc\u00e9ral&#8230; tout ce que l&rsquo;ost\u00e9opathe nomme <strong>restriction de mobilit\u00e9<\/strong> ou <strong>dysfonction<\/strong>. Cette derni\u00e8re repr\u00e9sente le point d&rsquo;appui autour duquel le corps s&rsquo;organise pour <strong>limiter les contraintes<\/strong> qui s&rsquo;y exercent localement.<br \/>\nLe corps sait donc g\u00e9rer lui-m\u00eame les contraintes qui s&rsquo;exercent sur lui. En s&rsquo;ajustant le corps cr\u00e9\u00e9 des <strong>ph\u00e9nom\u00e8nes d&rsquo;adaptation<\/strong> qui peuvent potentiellement devenir douloureux. Le signal douloureux est g\u00e9n\u00e9ralement ce qui pousse \u00e0 la consultation en ost\u00e9opathie (ou autre th\u00e9rapie). Le traitement judicieux ne sera pas de traiter la zone douloureuse mais celle(s) qui en est (sont) \u00e0 l&rsquo;origine. Pour un ost\u00e9opathe il s&rsquo;agira de comprendre quels sont les points d&rsquo;appui qui d\u00e9s\u00e9quilibrent la toile humaine.<\/p>\n<h2><span style=\"color: #33cccc;\">La structure gouverne la fonction et la fonction mod\u00e8le la structure<br \/>\n<\/span><\/h2>\n<p>Pour comprendre ce principe qui est universel, et non seulement ost\u00e9opathique, on peut remplacer <strong>structure<\/strong> par <strong>anatomie<\/strong> (comment c&rsquo;est fait) et <strong>fonction<\/strong> par <strong>physiologie<\/strong> (comment \u00e7a marche). La fa\u00e7on dont une pi\u00e8ce est faite, model\u00e9e, fa\u00e7onn\u00e9e d\u00e9termine ses possibilit\u00e9s de mouvement. L&rsquo;ost\u00e9opathe s&rsquo;appuie sur ses connaissances <strong>anatomiques<\/strong> et <strong>biom\u00e9caniques<\/strong> pour savoir si la <strong>physiologie<\/strong> est telle qu&rsquo;elle devrait \u00eatre. L&rsquo;ost\u00e9opathe agit sur une anatomie saine mais dont la physiologie est affect\u00e9e. Si la structure gouverne la fonction, cette derni\u00e8re mod\u00e8le la structure. Pour exemple, les tractions musculaires r\u00e9p\u00e9t\u00e9es du nourrisson vont faire appara\u00eetre sur ses os des <a href=\"http:\/\/www.cnrtl.fr\/lexicographie\/apophyse\" target=\"_blank\">apophyses<\/a>.<\/p>\n<h2><span style=\"color: #33cccc;\">Capacit\u00e9 d&rsquo;autor\u00e9gulation<\/span><\/h2>\n<p>L&rsquo;ost\u00e9opathe part du principe que le corps est bien fait et qu&rsquo;il a en lui les facult\u00e9s de gu\u00e9rison. L&rsquo;ensemble de l&rsquo;organisme agit pour maintenir son <a href=\"http:\/\/osteopatheromagnat.fr\/osteopathe-romagnat\/2016\/05\/06\/leau-de-mer-corps-travaux-de-rene-quinton\/\" target=\"_blank\"><strong>milieu int\u00e9rieur<\/strong><\/a> constant. Le milieu int\u00e9rieur, c&rsquo;est l&rsquo;ensemble de <strong>cette eau qui baigne nos cellules<\/strong>, qui les hydrate et les nourrit. Dans notre corps, tout est fait pour que cette eau conserve au fil des ans le m\u00eame pH, la m\u00eame salinit\u00e9&#8230; la m\u00eame composition en somme. C&rsquo;est ce que l&rsquo;on appelle l&rsquo;<strong>hom\u00e9ostasie<\/strong>.<br \/>\nAux agressions ext\u00e9rieures le corps r\u00e9agit pour se d\u00e9fendre et se prot\u00e9ger. Les agressions sont repr\u00e9sent\u00e9es par\u00a0les traumatismes physiques, les postures inadapt\u00e9es au travail, les efforts inhabituels ou r\u00e9p\u00e9t\u00e9s, les chocs \u00e9motionnels et psychiques, une mauvaise hygi\u00e8ne alimentaire&#8230; Tous ces \u00e9l\u00e9ments sont autant de <strong>stress<\/strong> (au pluriel) re\u00e7us par le corps.<br \/>\nLes ph\u00e9nom\u00e8nes de d\u00e9fense et de protection, qui tendent \u00e0 <strong>pr\u00e9server le milieu int\u00e9rieur<\/strong>, se dissipent g\u00e9n\u00e9ralement d&rsquo;eux-m\u00eames en quelques jours. Cependant, lorsqu&rsquo;une agression est trop puissante ou r\u00e9p\u00e9t\u00e9e, le corps peut mettre en place des r\u00e9ponses si fortes qu&rsquo;elles ne s&rsquo;\u00e9liminent pas d&rsquo;elles-m\u00eames. Des douleurs et g\u00eanes quotidiennes peuvent alors appara\u00eetre.<\/p>\n<h5><span style=\"color: #48d4d4;\">La consultation en ost\u00e9opathie rend au corps ses capacit\u00e9s d&rsquo;autor\u00e9gulation.<\/span><\/h5>\n<p>Spontan\u00e9ment, le corps aura du mal \u00e0 trouver la solution seul. Une aide ext\u00e9rieure sera n\u00e9cessaire (elle peut \u00eatre du ressort de l&rsquo;ost\u00e9opathie, de l&rsquo;allopathie, de l&rsquo;acupuncture, de la phytoth\u00e9rapie, de l&rsquo;apith\u00e9rapie, etc.). <strong>L&rsquo;action de l&rsquo;ost\u00e9opathe<\/strong> sera de lib\u00e9rer les zones de blocages afin que les informations circulent de nouveau. Le but de la consultation en ost\u00e9opathie est de rendre au corps ses <strong>capacit\u00e9s d&rsquo;autor\u00e9gulation<\/strong>.<\/p>\n<h2><span style=\"color: #33cccc;\">La r\u00e8gle de l&rsquo;art\u00e8re est supr\u00eame<\/span><\/h2>\n<p>Andrew Taylor STILL \u00e9crit que <strong>la r\u00e8gle de l&rsquo;art\u00e8re doit \u00eatre absolue, universelle et sans obstacle, ou la maladie sera la cons\u00e9quence<\/strong> (<em>The rule of the artery must be absolute, universal, and unobstructed, or disease will be the result. <span style=\"color: #808080;\">Autobiography, Kirksville, 1874, published by the author, p. 219<\/span><\/em>).<br \/>\nEn effet les art\u00e8res sont les voies qui permettent de nourrir l&rsquo;ensemble de nos tissus (muscles, os, ligaments mais aussi nerfs et vaisseaux sanguins eux-m\u00eames). Les passages sanguins (art\u00e9riels et veineux) et nerveux sont les porteurs d&rsquo;informations qui circulent \u00e0 travers le corps : messages hormonaux, neurologiques, nutrition, oxyg\u00e9nation, \u00e9limination des d\u00e9chets&#8230;<\/p>\n<p>Les <strong>restrictions de mobilit\u00e9<\/strong> sont autant d&rsquo;obstacles \u00e0 la libre circulation de ces informations. La consultation en ost\u00e9opathie permet de lever ces restrictions de mobilit\u00e9.<\/p>\n<p><a href=\"http:\/\/osteopatheromagnat.fr\/osteopathe-romagnat\/\">&gt;&gt; Accueil<\/a><br \/>\n<a href=\"http:\/\/osteopatheromagnat.fr\/osteopathe-romagnat\/charline-guibert-vivien-gas-exclusifs\/\">&gt;&gt; Qui sommes-nous ?<br \/>\n<\/a><a href=\"http:\/\/osteopatheromagnat.fr\/osteopathe-romagnat\/osteopathie-therapie-manuelle-clermont-ferrand\/definition-andrew-taylor-still-histoire\/\">&gt;&gt; L&rsquo;ost\u00e9opathie : d\u00e9finition<br \/>\n<\/a><a href=\"http:\/\/osteopatheromagnat.fr\/osteopathe-romagnat\/osteopathie-therapie-manuelle-clermont-ferrand\/histoire-france\/\">&gt;&gt; L&rsquo;ost\u00e9opathie en France<\/a><\/p>\n","protected":false},"excerpt":{"rendered":"<p>L&rsquo;ost\u00e9opathie s&rsquo;appuie sur les connaissances anatomiques, physiologiques et pathologiques du corps humain. La philosophie ost\u00e9opathique repose sur les principes suivants : le corps est un tout la structure gouverne la fonction le principe d&rsquo;autor\u00e9gulation l&rsquo;art\u00e8re est supr\u00eame Afin de r\u00e9tablir l&rsquo;\u00e9quilibre g\u00e9n\u00e9ral du patient, l&rsquo;ost\u00e9opathe va investiguer et traiter les champs ost\u00e9o-articulaire, cr\u00e2nien et visc\u00e9ral. &hellip; <a href=\"https:\/\/osteopatheromagnat.fr\/osteopathe-clermont\/osteopathie-therapie-manuelle-clermont-ferrand\/concepts-principes-autoregulation-structure-fonction-visceral-cranien-articulaire\/\" class=\"more-link\">Lire la suite de <span class=\"screen-reader-text\">Les concepts et principes de l&rsquo;ost\u00e9opathie<\/span><\/a><\/p>\n","protected":false},"author":1,"featured_media":0,"parent":84,"menu_order":0,"comment_status":"closed","ping_status":"closed","template":"","meta":{"spay_email":""},"_links":{"self":[{"href":"https:\/\/osteopatheromagnat.fr\/osteopathe-clermont\/wp-json\/wp\/v2\/pages\/61"}],"collection":[{"href":"https:\/\/osteopatheromagnat.fr\/osteopathe-clermont\/wp-json\/wp\/v2\/pages"}],"about":[{"href":"https:\/\/osteopatheromagnat.fr\/osteopathe-clermont\/wp-json\/wp\/v2\/types\/page"}],"author":[{"embeddable":true,"href":"https:\/\/osteopatheromagnat.fr\/osteopathe-clermont\/wp-json\/wp\/v2\/users\/1"}],"replies":[{"embeddable":true,"href":"https:\/\/osteopatheromagnat.fr\/osteopathe-clermont\/wp-json\/wp\/v2\/comments?post=61"}],"version-history":[{"count":4,"href":"https:\/\/osteopatheromagnat.fr\/osteopathe-clermont\/wp-json\/wp\/v2\/pages\/61\/revisions"}],"predecessor-version":[{"id":497,"href":"https:\/\/osteopatheromagnat.fr\/osteopathe-clermont\/wp-json\/wp\/v2\/pages\/61\/revisions\/497"}],"up":[{"embeddable":true,"href":"https:\/\/osteopatheromagnat.fr\/osteopathe-clermont\/wp-json\/wp\/v2\/pages\/84"}],"wp:attachment":[{"href":"https:\/\/osteopatheromagnat.fr\/osteopathe-clermont\/wp-json\/wp\/v2\/media?parent=61"}],"curies":[{"name":"wp","href":"https:\/\/api.w.org\/{rel}","templated":true}]}}