{"id":708,"date":"2018-01-05T09:48:37","date_gmt":"2018-01-05T08:48:37","guid":{"rendered":"http:\/\/osteopatheromagnat.fr\/osteopathe-clermont\/?page_id=708"},"modified":"2018-01-05T09:48:37","modified_gmt":"2018-01-05T08:48:37","slug":"contactez-vivien-gas-charline-guibert-osteopathes-sud-de-clermont","status":"publish","type":"page","link":"https:\/\/osteopatheromagnat.fr\/osteopathe-clermont\/contactez-vivien-gas-charline-guibert-osteopathes-sud-de-clermont\/","title":{"rendered":"Contactez Vivien Gas ou Charline Guibert, ost\u00e9opathes au sud de Clermont"},"content":{"rendered":"<p><strong>Charline Guibert et Vivien Gas sont joignables par t\u00e9l\u00e9phone pour toutes pr\u00e9cisions ou questions sur votre douleur \/ motif de consultation.<\/strong><\/p>\n<p><strong>Charline Guibert<\/strong> : <a href=\"tel:+33658019424\">06 58 01 94 24<\/a><\/p>\n<p><strong>Vivien Gas<\/strong> : <a href=\"tel:+33650866357\">06 50 86 63 57<\/a><\/p>\n<hr \/>\n<p>Vous pouvez \u00e9galement utilisez ce formulaire de contact.<\/p>\n<div id='contact-form-708'>\n<form action='https:\/\/osteopatheromagnat.fr\/osteopathe-clermont\/contactez-vivien-gas-charline-guibert-osteopathes-sud-de-clermont\/#contact-form-708' method='post' class='contact-form commentsblock'>\n\n<div class='grunion-field-wrap grunion-field-name-wrap'  >\n<label \n\t\t\t\tfor='g708-nom' \n\t\t\t\tclass='grunion-field-label name'\n\t\t\t\t>Nom<span>(obligatoire)<\/span><\/label>\n<input \n\t\t\t\t\ttype='text' \n\t\t\t\t\tname='g708-nom' \n\t\t\t\t\tid='g708-nom' \n\t\t\t\t\tvalue='' \n\t\t\t\t\tclass='name'  \n\t\t\t\t\trequired aria-required='true' \n\t\t\t\t\/>\n\t<\/div>\n\n<div class='grunion-field-wrap grunion-field-email-wrap'  >\n<label \n\t\t\t\tfor='g708-email' \n\t\t\t\tclass='grunion-field-label email'\n\t\t\t\t>E-mail<span>(obligatoire)<\/span><\/label>\n<input \n\t\t\t\t\ttype='email' \n\t\t\t\t\tname='g708-email' \n\t\t\t\t\tid='g708-email' \n\t\t\t\t\tvalue='' \n\t\t\t\t\tclass='email'  \n\t\t\t\t\trequired aria-required='true' \n\t\t\t\t\/>\n\t<\/div>\n\n<div class='grunion-field-wrap grunion-field-textarea-wrap'  >\n<label \n\t\t\t\tfor='contact-form-comment-g708-message' \n\t\t\t\tclass='grunion-field-label textarea'\n\t\t\t\t>Message<\/label>\n<textarea\n\t\t                name='g708-message' \n\t\t                id='contact-form-comment-g708-message' \n\t\t                rows='20' class='textarea'  ><\/textarea>\n\t<\/div>\n\t<p class='contact-submit'>\n\t\t<input type='submit' value='Envoyer' class='pushbutton-wide'\/>\n\t\t<input type='hidden' name='contact-form-id' value='708' \/>\n\t\t<input type='hidden' name='action' value='grunion-contact-form' \/>\n\t\t<input type='hidden' name='contact-form-hash' value='01deccf2e9198f48062489b1cf6a631e58d093ec' \/>\n\t<\/p>\n<\/form>\n<\/div>\n","protected":false},"excerpt":{"rendered":"<p>Charline Guibert et Vivien Gas sont joignables par t\u00e9l\u00e9phone pour toutes pr\u00e9cisions ou questions sur votre douleur \/ motif de consultation. Charline Guibert : 06 58 01 94 24 Vivien Gas : 06 50 86 63 57 Vous pouvez \u00e9galement utilisez ce formulaire de contact.<\/p>\n","protected":false},"author":1,"featured_media":0,"parent":0,"menu_order":0,"comment_status":"closed","ping_status":"closed","template":"","meta":{"spay_email":""},"_links":{"self":[{"href":"https:\/\/osteopatheromagnat.fr\/osteopathe-clermont\/wp-json\/wp\/v2\/pages\/708"}],"collection":[{"href":"https:\/\/osteopatheromagnat.fr\/osteopathe-clermont\/wp-json\/wp\/v2\/pages"}],"about":[{"href":"https:\/\/osteopatheromagnat.fr\/osteopathe-clermont\/wp-json\/wp\/v2\/types\/page"}],"author":[{"embeddable":true,"href":"https:\/\/osteopatheromagnat.fr\/osteopathe-clermont\/wp-json\/wp\/v2\/users\/1"}],"replies":[{"embeddable":true,"href":"https:\/\/osteopatheromagnat.fr\/osteopathe-clermont\/wp-json\/wp\/v2\/comments?post=708"}],"version-history":[{"count":2,"href":"https:\/\/osteopatheromagnat.fr\/osteopathe-clermont\/wp-json\/wp\/v2\/pages\/708\/revisions"}],"predecessor-version":[{"id":710,"href":"https:\/\/osteopatheromagnat.fr\/osteopathe-clermont\/wp-json\/wp\/v2\/pages\/708\/revisions\/710"}],"wp:attachment":[{"href":"https:\/\/osteopatheromagnat.fr\/osteopathe-clermont\/wp-json\/wp\/v2\/media?parent=708"}],"curies":[{"name":"wp","href":"https:\/\/api.w.org\/{rel}","templated":true}]}}