{"id":84,"date":"2015-10-04T14:29:51","date_gmt":"2015-10-04T12:29:51","guid":{"rendered":"https:\/\/osteopatheromagnat.wordpress.com\/?page_id=84"},"modified":"2018-01-05T10:16:43","modified_gmt":"2018-01-05T09:16:43","slug":"osteopathie-therapie-manuelle-clermont-ferrand","status":"publish","type":"page","link":"https:\/\/osteopatheromagnat.fr\/osteopathe-clermont\/osteopathie-therapie-manuelle-clermont-ferrand\/","title":{"rendered":"L&rsquo;ost\u00e9opathie"},"content":{"rendered":"<p><strong>Pour mieux conna\u00eetre l&rsquo;ost\u00e9opathie, son histoire, ses concepts cl\u00e9s et principes, suivez les liens ci-dessous.<\/strong><\/p>\n<h1 style=\"text-align: justify;\"><span style=\"color: #33cccc;\"><a href=\"https:\/\/osteopatheromagnat.fr\/osteopathe-clermont\/osteopathie-therapie-manuelle-clermont-ferrand\/definition-andrew-taylor-still-histoire\/\">&gt;&gt; L&rsquo;ost\u00e9opathie : d\u00e9finition<\/a><\/span><\/h1>\n<p style=\"text-align: justify;\"><strong>L\u2019ost\u00e9opathie est une <a href=\"https:\/\/osteopatheromagnat.fr\/osteopathe-clermont\/osteopathie-therapie-manuelle-clermont-ferrand\/definition-andrew-taylor-still-histoire\/\">m\u00e9thode th\u00e9rapeutique manuelle<\/a> qui vise \u00e0 diagnostiquer et traiter les restrictions de mobilit\u00e9 du corps humain.<\/strong><\/p>\n<h1 style=\"text-align: justify;\"><span style=\"color: #33cccc;\"><a href=\"https:\/\/osteopatheromagnat.fr\/osteopathe-clermont\/osteopathie-therapie-manuelle-clermont-ferrand\/histoire-france\/\">&gt;&gt; L&rsquo;ost\u00e9opathie en France<\/a><\/span><\/h1>\n<p style=\"text-align: justify;\"><strong><a href=\"https:\/\/osteopatheromagnat.fr\/osteopathe-clermont\/osteopathie-therapie-manuelle-clermont-ferrand\/histoire-france\/\">L\u2019ost\u00e9opathie en France<\/a> arrive d\u2019Angleterre dans les ann\u00e9es 1950 et originellement des \u00c9tats-Unis (fin 19\u00e8me). <\/strong><strong>Les derni\u00e8res publications des \u00e9coles agr\u00e9\u00e9es par le Minist\u00e8re de la sant\u00e9 date de juillet 2015.<\/strong><\/p>\n<h1><span style=\"color: #33cccc;\"><a href=\"https:\/\/osteopatheromagnat.fr\/osteopathe-clermont\/osteopathie-therapie-manuelle-clermont-ferrand\/concepts-principes-autoregulation-structure-fonction-visceral-cranien-articulaire\/\">&gt;&gt; Les concepts et principes de l&rsquo;ost\u00e9opathie<\/a><\/span><\/h1>\n<p style=\"text-align: justify;\"><strong>L&rsquo;ost\u00e9opathie s&rsquo;appuie sur les connaissances anatomiques, physiologiques et pathologiques du corps humain. <\/strong><strong>Afin de r\u00e9tablir <a href=\"https:\/\/osteopatheromagnat.fr\/osteopathe-clermont\/osteopathie-therapie-manuelle-clermont-ferrand\/concepts-principes-autoregulation-structure-fonction-visceral-cranien-articulaire\/\">l&rsquo;\u00e9quilibre g\u00e9n\u00e9ral du patient<\/a>, l&rsquo;ost\u00e9opathe va investiguer et traiter les champs <\/strong><strong>ost\u00e9o-articulaire, <\/strong><strong> cr\u00e2nien et <\/strong><strong>visc\u00e9ral.<\/strong><\/p>\n","protected":false},"excerpt":{"rendered":"<p>Pour mieux conna\u00eetre l&rsquo;ost\u00e9opathie, son histoire, ses concepts cl\u00e9s et principes, suivez les liens ci-dessous. &gt;&gt; L&rsquo;ost\u00e9opathie : d\u00e9finition L\u2019ost\u00e9opathie est une m\u00e9thode th\u00e9rapeutique manuelle qui vise \u00e0 diagnostiquer et traiter les restrictions de mobilit\u00e9 du corps humain. &gt;&gt; L&rsquo;ost\u00e9opathie en France L\u2019ost\u00e9opathie en France arrive d\u2019Angleterre dans les ann\u00e9es 1950 et originellement des \u00c9tats-Unis &hellip; <a href=\"https:\/\/osteopatheromagnat.fr\/osteopathe-clermont\/osteopathie-therapie-manuelle-clermont-ferrand\/\" class=\"more-link\">Lire la suite de <span class=\"screen-reader-text\">L&rsquo;ost\u00e9opathie<\/span><\/a><\/p>\n","protected":false},"author":1,"featured_media":0,"parent":0,"menu_order":0,"comment_status":"closed","ping_status":"closed","template":"","meta":{"spay_email":""},"_links":{"self":[{"href":"https:\/\/osteopatheromagnat.fr\/osteopathe-clermont\/wp-json\/wp\/v2\/pages\/84"}],"collection":[{"href":"https:\/\/osteopatheromagnat.fr\/osteopathe-clermont\/wp-json\/wp\/v2\/pages"}],"about":[{"href":"https:\/\/osteopatheromagnat.fr\/osteopathe-clermont\/wp-json\/wp\/v2\/types\/page"}],"author":[{"embeddable":true,"href":"https:\/\/osteopatheromagnat.fr\/osteopathe-clermont\/wp-json\/wp\/v2\/users\/1"}],"replies":[{"embeddable":true,"href":"https:\/\/osteopatheromagnat.fr\/osteopathe-clermont\/wp-json\/wp\/v2\/comments?post=84"}],"version-history":[{"count":4,"href":"https:\/\/osteopatheromagnat.fr\/osteopathe-clermont\/wp-json\/wp\/v2\/pages\/84\/revisions"}],"predecessor-version":[{"id":718,"href":"https:\/\/osteopatheromagnat.fr\/osteopathe-clermont\/wp-json\/wp\/v2\/pages\/84\/revisions\/718"}],"wp:attachment":[{"href":"https:\/\/osteopatheromagnat.fr\/osteopathe-clermont\/wp-json\/wp\/v2\/media?parent=84"}],"curies":[{"name":"wp","href":"https:\/\/api.w.org\/{rel}","templated":true}]}}